{"id":706,"date":"2025-07-07T19:52:02","date_gmt":"2025-07-07T17:52:02","guid":{"rendered":"https:\/\/fas-educations.eu\/?page_id=706"},"modified":"2025-07-22T13:45:34","modified_gmt":"2025-07-22T11:45:34","slug":"specialist-areas","status":"publish","type":"page","link":"https:\/\/fas-educations.eu\/en\/specialist-areas\/","title":{"rendered":"Specialist areas"},"content":{"rendered":"<div data-elementor-type=\"wp-page\" data-elementor-id=\"706\" class=\"elementor elementor-706\" data-elementor-post-type=\"page\">\n\t\t\t\t<div class=\"elementor-element elementor-element-72798b9 e-flex e-con-boxed e-con e-parent\" data-id=\"72798b9\" data-element_type=\"container\" id=\"fas_hero_container\" data-settings=\"{&quot;background_background&quot;:&quot;classic&quot;}\">\n\t\t\t\t\t<div class=\"e-con-inner\">\n\t\t<div class=\"elementor-element elementor-element-d716b3e e-grid e-con-full e-con e-child\" data-id=\"d716b3e\" data-element_type=\"container\" id=\"fas_hero_container\">\n\t\t<div class=\"elementor-element elementor-element-6217ed2 e-con-full e-flex e-con e-child\" data-id=\"6217ed2\" data-element_type=\"container\">\n\t\t\t\t<div class=\"elementor-element elementor-element-28f5be8 elementor-widget elementor-widget-text-editor\" data-id=\"28f5be8\" data-element_type=\"widget\" data-widget_type=\"text-editor.default\">\n\t\t\t\t\t\t\t\t\t<p>Excellence in education.<br \/>Innovation in method<\/p>\t\t\t\t\t\t\t\t<\/div>\n\t\t\t\t<div class=\"elementor-element elementor-element-df00341 elementor-widget elementor-widget-text-editor\" data-id=\"df00341\" data-element_type=\"widget\" data-widget_type=\"text-editor.default\">\n\t\t\t\t\t\t\t\t\t<p>Your experts for excellent education solutions across Europe<\/p>\t\t\t\t\t\t\t\t<\/div>\n\t\t<div class=\"elementor-element elementor-element-4648bf1 e-con-full e-flex e-con e-child\" data-id=\"4648bf1\" data-element_type=\"container\">\n\t\t\t\t<div class=\"elementor-element elementor-element-2182f33 elementor-widget elementor-widget-button\" data-id=\"2182f33\" data-element_type=\"widget\" data-widget_type=\"button.default\">\n\t\t\t\t\t\t\t\t\t\t<a class=\"elementor-button elementor-button-link elementor-size-sm\" href=\"#\">\n\t\t\t\t\t\t<span class=\"elementor-button-content-wrapper\">\n\t\t\t\t\t\t\t\t\t<span class=\"elementor-button-text\">Request advice<\/span>\n\t\t\t\t\t<\/span>\n\t\t\t\t\t<\/a>\n\t\t\t\t\t\t\t\t<\/div>\n\t\t\t\t<div class=\"elementor-element elementor-element-fd360dc elementor-widget elementor-widget-button\" data-id=\"fd360dc\" data-element_type=\"widget\" data-widget_type=\"button.default\">\n\t\t\t\t\t\t\t\t\t\t<a class=\"elementor-button elementor-button-link elementor-size-sm\" href=\"#\">\n\t\t\t\t\t\t<span class=\"elementor-button-content-wrapper\">\n\t\t\t\t\t\t\t\t\t<span class=\"elementor-button-text\">Brochure request<\/span>\n\t\t\t\t\t<\/span>\n\t\t\t\t\t<\/a>\n\t\t\t\t\t\t\t\t<\/div>\n\t\t\t\t<\/div>\n\t\t\t\t<\/div>\n\t\t\t\t<div class=\"elementor-element elementor-element-89a7d0a fas_jumper elementor-view-default elementor-invisible elementor-widget elementor-widget-icon\" data-id=\"89a7d0a\" data-element_type=\"widget\" data-settings=\"{&quot;_animation&quot;:&quot;bounce&quot;}\" data-widget_type=\"icon.default\">\n\t\t\t\t\t\t\t<div class=\"elementor-icon-wrapper\">\n\t\t\t<a class=\"elementor-icon\" href=\"#fas_jumppoint_start\">\n\t\t\t<svg aria-hidden=\"true\" class=\"e-font-icon-svg e-fas-angle-double-down\" viewbox=\"0 0 320 512\" xmlns=\"http:\/\/www.w3.org\/2000\/svg\"><path d=\"M143 256.3L7 120.3c-9.4-9.4-9.4-24.6 0-33.9l22.6-22.6c9.4-9.4 24.6-9.4 33.9 0l96.4 96.4 96.4-96.4c9.4-9.4 24.6-9.4 33.9 0L313 86.3c9.4 9.4 9.4 24.6 0 33.9l-136 136c-9.4 9.5-24.6 9.5-34 .1zm34 192l136-136c9.4-9.4 9.4-24.6 0-33.9l-22.6-22.6c-9.4-9.4-24.6-9.4-33.9 0L160 352.1l-96.4-96.4c-9.4-9.4-24.6-9.4-33.9 0L7 278.3c-9.4 9.4-9.4 24.6 0 33.9l136 136c9.4 9.5 24.6 9.5 34 .1z\"><\/path><\/svg>\t\t\t<\/a>\n\t\t<\/div>\n\t\t\t\t\t\t<\/div>\n\t\t\t\t<\/div>\n\t\t\t\t\t<\/div>\n\t\t\t\t<\/div>\n\t\t<div class=\"elementor-element elementor-element-0bb9f84 e-flex e-con-boxed e-con e-parent\" data-id=\"0bb9f84\" data-element_type=\"container\" id=\"fas_jumppoint_start\" data-settings=\"{&quot;background_background&quot;:&quot;gradient&quot;}\">\n\t\t\t\t\t<div class=\"e-con-inner\">\n\t\t\t\t<div class=\"elementor-element elementor-element-59fff24 elementor-widget elementor-widget-image\" data-id=\"59fff24\" data-element_type=\"widget\" data-widget_type=\"image.default\">\n\t\t\t\t\t\t\t\t\t\t\t\t\t\t\t<img decoding=\"async\" src=\"https:\/\/fas-educations.eu\/wp-content\/uploads\/elementor\/thumbs\/logo_transparent-r934nbhkqhalawvapfic1iqk8nypppg4am90llrwmu.png\" title=\"logo_transparent\" alt=\"logo_transparent\" loading=\"lazy\" \/>\t\t\t\t\t\t\t\t\t\t\t\t\t\t\t<\/div>\n\t\t\t\t<div class=\"elementor-element elementor-element-45491f2 elementor-widget elementor-widget-spacer\" data-id=\"45491f2\" data-element_type=\"widget\" data-widget_type=\"spacer.default\">\n\t\t\t\t\t\t\t<div class=\"elementor-spacer\">\n\t\t\t<div class=\"elementor-spacer-inner\"><\/div>\n\t\t<\/div>\n\t\t\t\t\t\t<\/div>\n\t\t\t\t<div class=\"elementor-element elementor-element-b2e94ab elementor-widget elementor-widget-heading\" data-id=\"b2e94ab\" data-element_type=\"widget\" data-widget_type=\"heading.default\">\n\t\t\t\t\t<h1 class=\"elementor-heading-title elementor-size-default\">Industries and specialist areas<\/h1>\t\t\t\t<\/div>\n\t\t\t\t<div class=\"elementor-element elementor-element-649d136 elementor-widget-divider--view-line elementor-widget elementor-widget-global elementor-global-1066 elementor-widget-divider\" data-id=\"649d136\" data-element_type=\"widget\" data-widget_type=\"divider.default\">\n\t\t\t\t\t\t\t<div class=\"elementor-divider\">\n\t\t\t<span class=\"elementor-divider-separator\">\n\t\t\t\t\t\t<\/span>\n\t\t<\/div>\n\t\t\t\t\t\t<\/div>\n\t\t\t\t<div class=\"elementor-element elementor-element-e60e00f elementor-widget elementor-widget-text-editor\" data-id=\"e60e00f\" data-element_type=\"widget\" data-widget_type=\"text-editor.default\">\n\t\t\t\t\t\t\t\t\t<p class=\"p1\">Our expertise covers all relevant areas of modern business and enables us to develop interdisciplinary solutions.<\/p>\t\t\t\t\t\t\t\t<\/div>\n\t\t<div class=\"elementor-element elementor-element-6586265 e-grid e-con-full e-con e-child\" data-id=\"6586265\" data-element_type=\"container\">\n\t\t<div class=\"elementor-element elementor-element-76ea37f e-con-full fas_content_card e-flex e-con e-child\" data-id=\"76ea37f\" data-element_type=\"container\">\n\t\t\t\t<div class=\"elementor-element elementor-element-1a8c696 elementor-widget elementor-widget-heading\" data-id=\"1a8c696\" data-element_type=\"widget\" data-widget_type=\"heading.default\">\n\t\t\t\t\t<h2 class=\"elementor-heading-title elementor-size-default\">Technology and IT<\/h2>\t\t\t\t<\/div>\n\t\t\t\t<div class=\"elementor-element elementor-element-b91560c elementor-widget elementor-widget-text-editor\" data-id=\"b91560c\" data-element_type=\"widget\" data-widget_type=\"text-editor.default\">\n\t\t\t\t\t\t\t\t\t<p class=\"p1\">Software development, cybersecurity, artificial intelligence, cloud computing and data science with lecturers who are not just theoretical experts, but active practitioners with experience from real projects.<\/p>\t\t\t\t\t\t\t\t<\/div>\n\t\t\t\t<\/div>\n\t\t<div class=\"elementor-element elementor-element-d0879d0 e-con-full fas_content_card e-flex e-con e-child\" data-id=\"d0879d0\" data-element_type=\"container\">\n\t\t\t\t<div class=\"elementor-element elementor-element-ec6e13a elementor-widget elementor-widget-heading\" data-id=\"ec6e13a\" data-element_type=\"widget\" data-widget_type=\"heading.default\">\n\t\t\t\t\t<h2 class=\"elementor-heading-title elementor-size-default\">Economy and management<\/h2>\t\t\t\t<\/div>\n\t\t\t\t<div class=\"elementor-element elementor-element-4a0136d elementor-widget elementor-widget-text-editor\" data-id=\"4a0136d\" data-element_type=\"widget\" data-widget_type=\"text-editor.default\">\n\t\t\t\t\t\t\t\t\t<p class=\"p1\">Business administration, project management, marketing and human resources with experts who bring experience from various industries and company sizes and can convey both theoretical concepts and practical applications.<\/p>\t\t\t\t\t\t\t\t<\/div>\n\t\t\t\t<\/div>\n\t\t<div class=\"elementor-element elementor-element-49ddc3a e-con-full fas_content_card e-flex e-con e-child\" data-id=\"49ddc3a\" data-element_type=\"container\">\n\t\t\t\t<div class=\"elementor-element elementor-element-91a5fad elementor-widget elementor-widget-heading\" data-id=\"91a5fad\" data-element_type=\"widget\" data-widget_type=\"heading.default\">\n\t\t\t\t\t<h2 class=\"elementor-heading-title elementor-size-default\">Health and social services<\/h2>\t\t\t\t<\/div>\n\t\t\t\t<div class=\"elementor-element elementor-element-3cc287c elementor-widget elementor-widget-text-editor\" data-id=\"3cc287c\" data-element_type=\"widget\" data-widget_type=\"text-editor.default\">\n\t\t\t\t\t\t\t\t\t<p class=\"p1\">Nursing sciences, health management and social work with experts who combine practical experience in patient care with scientific expertise.<\/p>\t\t\t\t\t\t\t\t<\/div>\n\t\t\t\t<\/div>\n\t\t<div class=\"elementor-element elementor-element-ea7b6b2 e-con-full fas_content_card e-flex e-con e-child\" data-id=\"ea7b6b2\" data-element_type=\"container\">\n\t\t\t\t<div class=\"elementor-element elementor-element-530021f elementor-widget elementor-widget-heading\" data-id=\"530021f\" data-element_type=\"widget\" data-widget_type=\"heading.default\">\n\t\t\t\t\t<h2 class=\"elementor-heading-title elementor-size-default\">Technology and engineering<\/h2>\t\t\t\t<\/div>\n\t\t\t\t<div class=\"elementor-element elementor-element-e06a82b elementor-widget elementor-widget-text-editor\" data-id=\"e06a82b\" data-element_type=\"widget\" data-widget_type=\"text-editor.default\">\n\t\t\t\t\t\t\t\t\t<p class=\"p1\">Mechanical engineering, electrical engineering, renewable energies and civil engineering with engineers who have extensive industry experience and take current trends such as digitalization and sustainability into account.<\/p>\t\t\t\t\t\t\t\t<\/div>\n\t\t\t\t<\/div>\n\t\t<div class=\"elementor-element elementor-element-ead86fe e-con-full fas_content_card e-flex e-con e-child\" data-id=\"ead86fe\" data-element_type=\"container\">\n\t\t\t\t<div class=\"elementor-element elementor-element-f4432be elementor-widget elementor-widget-heading\" data-id=\"f4432be\" data-element_type=\"widget\" data-widget_type=\"heading.default\">\n\t\t\t\t\t<h2 class=\"elementor-heading-title elementor-size-default\">Creative industries<\/h2>\t\t\t\t<\/div>\n\t\t\t\t<div class=\"elementor-element elementor-element-663a86f elementor-widget elementor-widget-text-editor\" data-id=\"663a86f\" data-element_type=\"widget\" data-widget_type=\"text-editor.default\">\n\t\t\t\t\t\t\t\t\t<p class=\"p1\">Design, media design and digital marketing with active practitioners who work on current projects and are familiar with the latest trends and technologies.<\/p>\t\t\t\t\t\t\t\t<\/div>\n\t\t\t\t<\/div>\n\t\t\t\t<\/div>\n\t\t\t\t<div class=\"elementor-element elementor-element-f9f5e32 elementor-widget elementor-widget-spacer\" data-id=\"f9f5e32\" data-element_type=\"widget\" data-widget_type=\"spacer.default\">\n\t\t\t\t\t\t\t<div class=\"elementor-spacer\">\n\t\t\t<div class=\"elementor-spacer-inner\"><\/div>\n\t\t<\/div>\n\t\t\t\t\t\t<\/div>\n\t\t\t\t\t<\/div>\n\t\t\t\t<\/div>\n\t\t\t\t<\/div>","protected":false},"excerpt":{"rendered":"<p>Exzellenz in der Bildung.Innovation in der Methode Ihre Experten f\u00fcr exzellente Bildungsl\u00f6sungen in Europa Beratung anfragen Brosch\u00fcre anfordern Branchen und Fachbereiche Unsere Expertise erstreckt sich \u00fcber alle relevanten Bereiche der modernen Wirtschaft und erm\u00f6glicht es uns, interdisziplin\u00e4re L\u00f6sungen zu entwickeln. Technologie und IT Softwareentwicklung, Cybersecurity, K\u00fcnstliche Intelligenz, Cloud Computing und Data Science mit Dozenten, die [&hellip;]<\/p>","protected":false},"author":1,"featured_media":0,"parent":0,"menu_order":0,"comment_status":"closed","ping_status":"closed","template":"elementor_header_footer","meta":{"footnotes":""},"class_list":["post-706","page","type-page","status-publish","hentry","entry"],"yoast_head":"<!-- This site is optimized with the Yoast SEO plugin v25.8 - https:\/\/yoast.com\/wordpress\/plugins\/seo\/ -->\n<title>Fachbereiche - FAS<\/title>\n<meta name=\"robots\" content=\"index, follow, max-snippet:-1, max-image-preview:large, max-video-preview:-1\" \/>\n<link rel=\"canonical\" href=\"https:\/\/fas-educations.eu\/en\/specialist-areas\/\" \/>\n<meta property=\"og:locale\" content=\"en_GB\" \/>\n<meta property=\"og:type\" content=\"article\" \/>\n<meta property=\"og:title\" content=\"Fachbereiche - FAS\" \/>\n<meta property=\"og:description\" content=\"Exzellenz in der Bildung.Innovation in der Methode Ihre Experten f\u00fcr exzellente Bildungsl\u00f6sungen in Europa Beratung anfragen Brosch\u00fcre anfordern Branchen und Fachbereiche Unsere Expertise erstreckt sich \u00fcber alle relevanten Bereiche der modernen Wirtschaft und erm\u00f6glicht es uns, interdisziplin\u00e4re L\u00f6sungen zu entwickeln. Technologie und IT Softwareentwicklung, Cybersecurity, K\u00fcnstliche Intelligenz, Cloud Computing und Data Science mit Dozenten, die [&hellip;]\" \/>\n<meta property=\"og:url\" content=\"https:\/\/fas-educations.eu\/en\/specialist-areas\/\" \/>\n<meta property=\"og:site_name\" content=\"FAS\" \/>\n<meta property=\"article:modified_time\" content=\"2025-07-22T11:45:34+00:00\" \/>\n<meta property=\"og:image\" content=\"https:\/\/fas-educations.eu\/wp-content\/uploads\/elementor\/thumbs\/logo_transparent-r87gvpl5ow45wpkihaiwjpcb07jepst1n0gab3qzue.png\" \/>\n<meta name=\"twitter:card\" content=\"summary_large_image\" \/>\n<meta name=\"twitter:label1\" content=\"Estimated reading time\" \/>\n\t<meta name=\"twitter:data1\" content=\"1 minute\" \/>\n<script type=\"application\/ld+json\" class=\"yoast-schema-graph\">{\"@context\":\"https:\/\/schema.org\",\"@graph\":[{\"@type\":\"WebPage\",\"@id\":\"https:\/\/fas-educations.eu\/fachbereiche\/\",\"url\":\"https:\/\/fas-educations.eu\/fachbereiche\/\",\"name\":\"Fachbereiche - FAS\",\"isPartOf\":{\"@id\":\"https:\/\/fas-educations.eu\/#website\"},\"primaryImageOfPage\":{\"@id\":\"https:\/\/fas-educations.eu\/fachbereiche\/#primaryimage\"},\"image\":{\"@id\":\"https:\/\/fas-educations.eu\/fachbereiche\/#primaryimage\"},\"thumbnailUrl\":\"https:\/\/fas-educations.eu\/wp-content\/uploads\/elementor\/thumbs\/logo_transparent-r87gvpl5ow45wpkihaiwjpcb07jepst1n0gab3qzue.png\",\"datePublished\":\"2025-07-07T17:52:02+00:00\",\"dateModified\":\"2025-07-22T11:45:34+00:00\",\"breadcrumb\":{\"@id\":\"https:\/\/fas-educations.eu\/fachbereiche\/#breadcrumb\"},\"inLanguage\":\"en-GB\",\"potentialAction\":[{\"@type\":\"ReadAction\",\"target\":[\"https:\/\/fas-educations.eu\/fachbereiche\/\"]}]},{\"@type\":\"ImageObject\",\"inLanguage\":\"en-GB\",\"@id\":\"https:\/\/fas-educations.eu\/fachbereiche\/#primaryimage\",\"url\":\"https:\/\/fas-educations.eu\/wp-content\/uploads\/elementor\/thumbs\/logo_transparent-r87gvpl5ow45wpkihaiwjpcb07jepst1n0gab3qzue.png\",\"contentUrl\":\"https:\/\/fas-educations.eu\/wp-content\/uploads\/elementor\/thumbs\/logo_transparent-r87gvpl5ow45wpkihaiwjpcb07jepst1n0gab3qzue.png\"},{\"@type\":\"BreadcrumbList\",\"@id\":\"https:\/\/fas-educations.eu\/fachbereiche\/#breadcrumb\",\"itemListElement\":[{\"@type\":\"ListItem\",\"position\":1,\"name\":\"Startseite\",\"item\":\"https:\/\/fas-educations.eu\/\"},{\"@type\":\"ListItem\",\"position\":2,\"name\":\"Fachbereiche\"}]},{\"@type\":\"WebSite\",\"@id\":\"https:\/\/fas-educations.eu\/#website\",\"url\":\"https:\/\/fas-educations.eu\/\",\"name\":\"FAS - Fulfilment for Applied Sciences SIA\",\"description\":\"\",\"publisher\":{\"@id\":\"https:\/\/fas-educations.eu\/#organization\"},\"potentialAction\":[{\"@type\":\"SearchAction\",\"target\":{\"@type\":\"EntryPoint\",\"urlTemplate\":\"https:\/\/fas-educations.eu\/?s={search_term_string}\"},\"query-input\":{\"@type\":\"PropertyValueSpecification\",\"valueRequired\":true,\"valueName\":\"search_term_string\"}}],\"inLanguage\":\"en-GB\"},{\"@type\":\"Organization\",\"@id\":\"https:\/\/fas-educations.eu\/#organization\",\"name\":\"FAS - Fulfilment for Applied Sciences SIA\",\"url\":\"https:\/\/fas-educations.eu\/\",\"logo\":{\"@type\":\"ImageObject\",\"inLanguage\":\"en-GB\",\"@id\":\"https:\/\/fas-educations.eu\/#\/schema\/logo\/image\/\",\"url\":\"https:\/\/fas-educations.eu\/wp-content\/uploads\/2025\/07\/favicon.png\",\"contentUrl\":\"https:\/\/fas-educations.eu\/wp-content\/uploads\/2025\/07\/favicon.png\",\"width\":400,\"height\":400,\"caption\":\"FAS - Fulfilment for Applied Sciences SIA\"},\"image\":{\"@id\":\"https:\/\/fas-educations.eu\/#\/schema\/logo\/image\/\"}}]}<\/script>\n<!-- \/ Yoast SEO plugin. -->","yoast_head_json":{"title":"Specialist areas - FAS","robots":{"index":"index","follow":"follow","max-snippet":"max-snippet:-1","max-image-preview":"max-image-preview:large","max-video-preview":"max-video-preview:-1"},"canonical":"https:\/\/fas-educations.eu\/en\/specialist-areas\/","og_locale":"en_GB","og_type":"article","og_title":"Fachbereiche - FAS","og_description":"Exzellenz in der Bildung.Innovation in der Methode Ihre Experten f\u00fcr exzellente Bildungsl\u00f6sungen in Europa Beratung anfragen Brosch\u00fcre anfordern Branchen und Fachbereiche Unsere Expertise erstreckt sich \u00fcber alle relevanten Bereiche der modernen Wirtschaft und erm\u00f6glicht es uns, interdisziplin\u00e4re L\u00f6sungen zu entwickeln. Technologie und IT Softwareentwicklung, Cybersecurity, K\u00fcnstliche Intelligenz, Cloud Computing und Data Science mit Dozenten, die [&hellip;]","og_url":"https:\/\/fas-educations.eu\/en\/specialist-areas\/","og_site_name":"FAS","article_modified_time":"2025-07-22T11:45:34+00:00","og_image":[{"url":"https:\/\/fas-educations.eu\/wp-content\/uploads\/elementor\/thumbs\/logo_transparent-r87gvpl5ow45wpkihaiwjpcb07jepst1n0gab3qzue.png","type":"","width":"","height":""}],"twitter_card":"summary_large_image","twitter_misc":{"Estimated reading time":"1 minute"},"schema":{"@context":"https:\/\/schema.org","@graph":[{"@type":"WebPage","@id":"https:\/\/fas-educations.eu\/fachbereiche\/","url":"https:\/\/fas-educations.eu\/fachbereiche\/","name":"Specialist areas - FAS","isPartOf":{"@id":"https:\/\/fas-educations.eu\/#website"},"primaryImageOfPage":{"@id":"https:\/\/fas-educations.eu\/fachbereiche\/#primaryimage"},"image":{"@id":"https:\/\/fas-educations.eu\/fachbereiche\/#primaryimage"},"thumbnailUrl":"https:\/\/fas-educations.eu\/wp-content\/uploads\/elementor\/thumbs\/logo_transparent-r87gvpl5ow45wpkihaiwjpcb07jepst1n0gab3qzue.png","datePublished":"2025-07-07T17:52:02+00:00","dateModified":"2025-07-22T11:45:34+00:00","breadcrumb":{"@id":"https:\/\/fas-educations.eu\/fachbereiche\/#breadcrumb"},"inLanguage":"en-GB","potentialAction":[{"@type":"ReadAction","target":["https:\/\/fas-educations.eu\/fachbereiche\/"]}]},{"@type":"ImageObject","inLanguage":"en-GB","@id":"https:\/\/fas-educations.eu\/fachbereiche\/#primaryimage","url":"https:\/\/fas-educations.eu\/wp-content\/uploads\/elementor\/thumbs\/logo_transparent-r87gvpl5ow45wpkihaiwjpcb07jepst1n0gab3qzue.png","contentUrl":"https:\/\/fas-educations.eu\/wp-content\/uploads\/elementor\/thumbs\/logo_transparent-r87gvpl5ow45wpkihaiwjpcb07jepst1n0gab3qzue.png"},{"@type":"BreadcrumbList","@id":"https:\/\/fas-educations.eu\/fachbereiche\/#breadcrumb","itemListElement":[{"@type":"ListItem","position":1,"name":"Startseite","item":"https:\/\/fas-educations.eu\/"},{"@type":"ListItem","position":2,"name":"Fachbereiche"}]},{"@type":"WebSite","@id":"https:\/\/fas-educations.eu\/#website","url":"https:\/\/fas-educations.eu\/","name":"FAS - Fulfilment for Applied Sciences SIA","description":"","publisher":{"@id":"https:\/\/fas-educations.eu\/#organization"},"potentialAction":[{"@type":"SearchAction","target":{"@type":"EntryPoint","urlTemplate":"https:\/\/fas-educations.eu\/?s={search_term_string}"},"query-input":{"@type":"PropertyValueSpecification","valueRequired":true,"valueName":"search_term_string"}}],"inLanguage":"en-GB"},{"@type":"Organization","@id":"https:\/\/fas-educations.eu\/#organization","name":"FAS - Fulfilment for Applied Sciences SIA","url":"https:\/\/fas-educations.eu\/","logo":{"@type":"ImageObject","inLanguage":"en-GB","@id":"https:\/\/fas-educations.eu\/#\/schema\/logo\/image\/","url":"https:\/\/fas-educations.eu\/wp-content\/uploads\/2025\/07\/favicon.png","contentUrl":"https:\/\/fas-educations.eu\/wp-content\/uploads\/2025\/07\/favicon.png","width":400,"height":400,"caption":"FAS - Fulfilment for Applied Sciences SIA"},"image":{"@id":"https:\/\/fas-educations.eu\/#\/schema\/logo\/image\/"}}]}},"_links":{"self":[{"href":"https:\/\/fas-educations.eu\/en\/wp-json\/wp\/v2\/pages\/706","targetHints":{"allow":["GET"]}}],"collection":[{"href":"https:\/\/fas-educations.eu\/en\/wp-json\/wp\/v2\/pages"}],"about":[{"href":"https:\/\/fas-educations.eu\/en\/wp-json\/wp\/v2\/types\/page"}],"author":[{"embeddable":true,"href":"https:\/\/fas-educations.eu\/en\/wp-json\/wp\/v2\/users\/1"}],"replies":[{"embeddable":true,"href":"https:\/\/fas-educations.eu\/en\/wp-json\/wp\/v2\/comments?post=706"}],"version-history":[{"count":37,"href":"https:\/\/fas-educations.eu\/en\/wp-json\/wp\/v2\/pages\/706\/revisions"}],"predecessor-version":[{"id":1083,"href":"https:\/\/fas-educations.eu\/en\/wp-json\/wp\/v2\/pages\/706\/revisions\/1083"}],"wp:attachment":[{"href":"https:\/\/fas-educations.eu\/en\/wp-json\/wp\/v2\/media?parent=706"}],"curies":[{"name":"wp","href":"https:\/\/api.w.org\/{rel}","templated":true}]}}